{"id":2898,"date":"2021-03-02T22:16:37","date_gmt":"2021-03-03T03:16:37","guid":{"rendered":"https:\/\/www.effisca.com\/job-manager\/"},"modified":"2022-06-22T13:18:23","modified_gmt":"2022-06-22T17:18:23","slug":"job-manager","status":"publish","type":"page","link":"https:\/\/www.effisca.com\/en\/tax-jobs\/job-manager\/","title":{"rendered":"Manager"},"content":{"rendered":"\n<p id=\"effisca-est-un-cabinet-offrant-des-services-specialises-en-fiscalite-canadienne-americaine-et-internationale-pour-les-particuliers-et-les-entreprises-fonde-en-2021-effisca-est-la-compagnie-soeur-d-impots-ici-un-cabinet-de-services-comptables-qui-dessert-les-particuliers-et-les-petites-entreprises-depuis-plus-de-20-ans-l-entreprise-offre-un-fort-potentiel-de-croissance-possibilite-de-participer-a-l-actionnariat-a-moyen-terme-nos-valeurs-sont-le-professionnalisme-la-satisfaction-des-clients-employes-ainsi-que-le-plaisir\">Effisca est un cabinet offrant des services sp\u00e9cialis\u00e9s en fiscalit\u00e9 canadienne, am\u00e9ricaine et internationale pour les particuliers et les entreprises.  L\u2019entreprise offre un fort potentiel de croissance. Possibilit\u00e9 de participer \u00e0 l\u2019actionnariat \u00e0 moyen terme. Nos valeurs sont le professionnalisme, la satisfaction des clients\/employ\u00e9s, ainsi que le plaisir.<\/p>\n\n<h2 class=\"wp-block-heading\" id=\"description-de-l-emploi\">Job description<\/h2>\n\n<p>Reporting to the president, the manager oversees all activities of his branch. As part of the management team, he promotes the mission, goals and values of the company. More specifically, he will have to:<\/p>\n\n<ul class=\"wp-block-list\"><li>Coordinating human resources to ensure efficient and productive planning;<\/li><li>Directing resources according to work demand to adequately meet clients needs;<\/li><li>Supervising employees of the branch according to internal policies;<\/li><li>Evaluating employees annually;<\/li><li>Managing more complex customer files and monitoring customer satisfaction;<\/li><li>Supporting all employees in carrying out their tasks;<\/li><li>Participating in management meetings with the president;<\/li><li>Providing support for the development of the company\u2019s strategic directions;<\/li><li>Operationalizing actions resulting from strategic planning.<\/li><\/ul>\n\n<h2 class=\"wp-block-heading\" id=\"profil-recherche\">Required profile<\/h2>\n\n<ul class=\"wp-block-list\"><li>Diploma and management experience, an asset<\/li><li>Between 5 and 10 years of experience in an accounting firm and in team management<\/li><li>Ability to manage a team and make decisions in problematic and conflict resolution situations<\/li><li>Team spirit, ability to manage several files at the same time and great efficiency in the management of his tasks<\/li><li>Sens of organization and planning; excellent priority management<\/li><li>Bilingualism (oral and written)<\/li><\/ul>\n\n<h2 class=\"wp-block-heading\" id=\"ce-que-nous-offrons\">What we offer<\/h2>\n\n<ul class=\"wp-block-list\"><li>Better overall compensation than large offices<\/li><li>100% teleworking position (except for corporate social activities)<\/li><li>Flexible hours and possibility of working 4 or 5 days\/week<\/li><li>All hours paid<\/li><li>Group RRSP, comprehensive group insurance and unlimited telemedicine<\/li><li>Professional contributions paid<\/li><li>Annual continuing training budget<\/li><\/ul>\n\n<div class=\"wp-block-buttons is-content-justification-center is-layout-flex wp-container-core-buttons-is-layout-16018d1d wp-block-buttons-is-layout-flex\">\n<div class=\"wp-block-button\"><a class=\"wp-block-button__link\" href=\"https:\/\/www.effisca.com\/en\/tax-jobs\/#candidature\">Submit your application<\/a><\/div>\n<\/div>\n","protected":false},"excerpt":{"rendered":"<p>The manager supervises all of the branch\u2019s activities; coordinates human resources; manages resources while ensuring that customers\u2019 needs are adequately met; supervises employees and evaluates them annually; manages more complex client files and monitors client satisfaction, and participates in management meetings with the president of Effisca.<\/p>\n","protected":false},"author":8,"featured_media":0,"parent":2876,"menu_order":25,"comment_status":"closed","ping_status":"closed","template":"","meta":{"_acf_changed":false,"inline_featured_image":false,"footnotes":""},"class_list":["post-2898","page","type-page","status-publish","hentry"],"acf":[],"yoast_head":"<!-- This site is optimized with the Yoast SEO plugin v27.5 - https:\/\/yoast.com\/product\/yoast-seo-wordpress\/ -->\n<title>Manager - Effisca<\/title>\n<meta name=\"description\" content=\"The manager supervises all of the branch&#039;s activities for ensuring that customers\u2019 needs are adequately met. Join the Effisca team today!\" \/>\n<meta name=\"robots\" content=\"index, follow, max-snippet:-1, max-image-preview:large, max-video-preview:-1\" \/>\n<link rel=\"canonical\" href=\"https:\/\/www.effisca.com\/en\/tax-jobs\/job-manager\/\" \/>\n<meta property=\"og:locale\" content=\"en_US\" \/>\n<meta property=\"og:type\" content=\"article\" \/>\n<meta property=\"og:title\" content=\"Manager - Effisca\" \/>\n<meta property=\"og:description\" content=\"The manager supervises all of the branch&#039;s activities for ensuring that customers\u2019 needs are adequately met. Join the Effisca team today!\" \/>\n<meta property=\"og:url\" content=\"https:\/\/www.effisca.com\/en\/tax-jobs\/job-manager\/\" \/>\n<meta property=\"og:site_name\" content=\"Effisca\" \/>\n<meta property=\"article:publisher\" content=\"https:\/\/www.facebook.com\/effisca\" \/>\n<meta property=\"article:modified_time\" content=\"2022-06-22T17:18:23+00:00\" \/>\n<meta name=\"twitter:card\" content=\"summary_large_image\" \/>\n<meta name=\"twitter:label1\" content=\"Est. reading time\" \/>\n\t<meta name=\"twitter:data1\" content=\"2 minutes\" \/>\n<script type=\"application\/ld+json\" class=\"yoast-schema-graph\">{\"@context\":\"https:\\\/\\\/schema.org\",\"@graph\":[{\"@type\":\"WebPage\",\"@id\":\"https:\\\/\\\/www.effisca.com\\\/en\\\/tax-jobs\\\/job-manager\\\/\",\"url\":\"https:\\\/\\\/www.effisca.com\\\/en\\\/tax-jobs\\\/job-manager\\\/\",\"name\":\"Manager - Effisca\",\"isPartOf\":{\"@id\":\"https:\\\/\\\/www.effisca.com\\\/en\\\/#website\"},\"datePublished\":\"2021-03-03T03:16:37+00:00\",\"dateModified\":\"2022-06-22T17:18:23+00:00\",\"description\":\"The manager supervises all of the branch's activities for ensuring that customers\u2019 needs are adequately met. Join the Effisca team today!\",\"breadcrumb\":{\"@id\":\"https:\\\/\\\/www.effisca.com\\\/en\\\/tax-jobs\\\/job-manager\\\/#breadcrumb\"},\"inLanguage\":\"en-US\",\"potentialAction\":[{\"@type\":\"ReadAction\",\"target\":[\"https:\\\/\\\/www.effisca.com\\\/en\\\/tax-jobs\\\/job-manager\\\/\"]}]},{\"@type\":\"BreadcrumbList\",\"@id\":\"https:\\\/\\\/www.effisca.com\\\/en\\\/tax-jobs\\\/job-manager\\\/#breadcrumb\",\"itemListElement\":[{\"@type\":\"ListItem\",\"position\":1,\"name\":\"Accueil\",\"item\":\"https:\\\/\\\/www.effisca.com\\\/en\\\/\"},{\"@type\":\"ListItem\",\"position\":2,\"name\":\"Careers\",\"item\":\"https:\\\/\\\/www.effisca.com\\\/en\\\/tax-jobs\\\/\"},{\"@type\":\"ListItem\",\"position\":3,\"name\":\"Manager\"}]},{\"@type\":\"WebSite\",\"@id\":\"https:\\\/\\\/www.effisca.com\\\/en\\\/#website\",\"url\":\"https:\\\/\\\/www.effisca.com\\\/en\\\/\",\"name\":\"Effisca\",\"description\":\"Tax firm specializing in Canadian, US and international tax\",\"publisher\":{\"@id\":\"https:\\\/\\\/www.effisca.com\\\/en\\\/#organization\"},\"potentialAction\":[{\"@type\":\"SearchAction\",\"target\":{\"@type\":\"EntryPoint\",\"urlTemplate\":\"https:\\\/\\\/www.effisca.com\\\/en\\\/?s={search_term_string}\"},\"query-input\":{\"@type\":\"PropertyValueSpecification\",\"valueRequired\":true,\"valueName\":\"search_term_string\"}}],\"inLanguage\":\"en-US\"},{\"@type\":\"Organization\",\"@id\":\"https:\\\/\\\/www.effisca.com\\\/en\\\/#organization\",\"name\":\"Effisca\",\"url\":\"https:\\\/\\\/www.effisca.com\\\/en\\\/\",\"logo\":{\"@type\":\"ImageObject\",\"inLanguage\":\"en-US\",\"@id\":\"https:\\\/\\\/www.effisca.com\\\/en\\\/#\\\/schema\\\/logo\\\/image\\\/\",\"url\":\"https:\\\/\\\/www.effisca.com\\\/wp-content\\\/uploads\\\/2021\\\/01\\\/effisca-logo-1.png\",\"contentUrl\":\"https:\\\/\\\/www.effisca.com\\\/wp-content\\\/uploads\\\/2021\\\/01\\\/effisca-logo-1.png\",\"width\":1200,\"height\":355,\"caption\":\"Effisca\"},\"image\":{\"@id\":\"https:\\\/\\\/www.effisca.com\\\/en\\\/#\\\/schema\\\/logo\\\/image\\\/\"},\"sameAs\":[\"https:\\\/\\\/www.facebook.com\\\/effisca\",\"https:\\\/\\\/www.linkedin.com\\\/company\\\/effisca\\\/\"]}]}<\/script>\n<!-- \/ Yoast SEO plugin. -->","yoast_head_json":{"title":"Manager - Effisca","description":"The manager supervises all of the branch's activities for ensuring that customers\u2019 needs are adequately met. Join the Effisca team today!","robots":{"index":"index","follow":"follow","max-snippet":"max-snippet:-1","max-image-preview":"max-image-preview:large","max-video-preview":"max-video-preview:-1"},"canonical":"https:\/\/www.effisca.com\/en\/tax-jobs\/job-manager\/","og_locale":"en_US","og_type":"article","og_title":"Manager - Effisca","og_description":"The manager supervises all of the branch's activities for ensuring that customers\u2019 needs are adequately met. Join the Effisca team today!","og_url":"https:\/\/www.effisca.com\/en\/tax-jobs\/job-manager\/","og_site_name":"Effisca","article_publisher":"https:\/\/www.facebook.com\/effisca","article_modified_time":"2022-06-22T17:18:23+00:00","twitter_card":"summary_large_image","twitter_misc":{"Est. reading time":"2 minutes"},"schema":{"@context":"https:\/\/schema.org","@graph":[{"@type":"WebPage","@id":"https:\/\/www.effisca.com\/en\/tax-jobs\/job-manager\/","url":"https:\/\/www.effisca.com\/en\/tax-jobs\/job-manager\/","name":"Manager - Effisca","isPartOf":{"@id":"https:\/\/www.effisca.com\/en\/#website"},"datePublished":"2021-03-03T03:16:37+00:00","dateModified":"2022-06-22T17:18:23+00:00","description":"The manager supervises all of the branch's activities for ensuring that customers\u2019 needs are adequately met. Join the Effisca team today!","breadcrumb":{"@id":"https:\/\/www.effisca.com\/en\/tax-jobs\/job-manager\/#breadcrumb"},"inLanguage":"en-US","potentialAction":[{"@type":"ReadAction","target":["https:\/\/www.effisca.com\/en\/tax-jobs\/job-manager\/"]}]},{"@type":"BreadcrumbList","@id":"https:\/\/www.effisca.com\/en\/tax-jobs\/job-manager\/#breadcrumb","itemListElement":[{"@type":"ListItem","position":1,"name":"Accueil","item":"https:\/\/www.effisca.com\/en\/"},{"@type":"ListItem","position":2,"name":"Careers","item":"https:\/\/www.effisca.com\/en\/tax-jobs\/"},{"@type":"ListItem","position":3,"name":"Manager"}]},{"@type":"WebSite","@id":"https:\/\/www.effisca.com\/en\/#website","url":"https:\/\/www.effisca.com\/en\/","name":"Effisca","description":"Tax firm specializing in Canadian, US and international tax","publisher":{"@id":"https:\/\/www.effisca.com\/en\/#organization"},"potentialAction":[{"@type":"SearchAction","target":{"@type":"EntryPoint","urlTemplate":"https:\/\/www.effisca.com\/en\/?s={search_term_string}"},"query-input":{"@type":"PropertyValueSpecification","valueRequired":true,"valueName":"search_term_string"}}],"inLanguage":"en-US"},{"@type":"Organization","@id":"https:\/\/www.effisca.com\/en\/#organization","name":"Effisca","url":"https:\/\/www.effisca.com\/en\/","logo":{"@type":"ImageObject","inLanguage":"en-US","@id":"https:\/\/www.effisca.com\/en\/#\/schema\/logo\/image\/","url":"https:\/\/www.effisca.com\/wp-content\/uploads\/2021\/01\/effisca-logo-1.png","contentUrl":"https:\/\/www.effisca.com\/wp-content\/uploads\/2021\/01\/effisca-logo-1.png","width":1200,"height":355,"caption":"Effisca"},"image":{"@id":"https:\/\/www.effisca.com\/en\/#\/schema\/logo\/image\/"},"sameAs":["https:\/\/www.facebook.com\/effisca","https:\/\/www.linkedin.com\/company\/effisca\/"]}]}},"_links":{"self":[{"href":"https:\/\/www.effisca.com\/en\/wp-json\/wp\/v2\/pages\/2898","targetHints":{"allow":["GET"]}}],"collection":[{"href":"https:\/\/www.effisca.com\/en\/wp-json\/wp\/v2\/pages"}],"about":[{"href":"https:\/\/www.effisca.com\/en\/wp-json\/wp\/v2\/types\/page"}],"author":[{"embeddable":true,"href":"https:\/\/www.effisca.com\/en\/wp-json\/wp\/v2\/users\/8"}],"replies":[{"embeddable":true,"href":"https:\/\/www.effisca.com\/en\/wp-json\/wp\/v2\/comments?post=2898"}],"version-history":[{"count":28,"href":"https:\/\/www.effisca.com\/en\/wp-json\/wp\/v2\/pages\/2898\/revisions"}],"predecessor-version":[{"id":9075,"href":"https:\/\/www.effisca.com\/en\/wp-json\/wp\/v2\/pages\/2898\/revisions\/9075"}],"up":[{"embeddable":true,"href":"https:\/\/www.effisca.com\/en\/wp-json\/wp\/v2\/pages\/2876"}],"wp:attachment":[{"href":"https:\/\/www.effisca.com\/en\/wp-json\/wp\/v2\/media?parent=2898"}],"curies":[{"name":"wp","href":"https:\/\/api.w.org\/{rel}","templated":true}]}}