{"id":2894,"date":"2021-03-02T22:03:46","date_gmt":"2021-03-03T03:03:46","guid":{"rendered":"https:\/\/www.effisca.com\/job-director-of-us-taxation\/"},"modified":"2022-06-22T13:19:19","modified_gmt":"2022-06-22T17:19:19","slug":"job-director-of-us-tax","status":"publish","type":"page","link":"https:\/\/www.effisca.com\/en\/tax-jobs\/job-director-of-us-tax\/","title":{"rendered":"Director of US Tax"},"content":{"rendered":"\n<p id=\"effisca-est-un-cabinet-offrant-des-services-specialises-en-fiscalite-canadienne-americaine-et-internationale-pour-les-particuliers-et-les-entreprises-fonde-en-2021-effisca-est-la-compagnie-soeur-d-impots-ici-un-cabinet-de-services-comptables-qui-dessert-les-particuliers-et-les-petites-entreprises-depuis-plus-de-20-ans-l-entreprise-offre-un-fort-potentiel-de-croissance-possibilite-de-participer-a-l-actionnariat-a-moyen-terme-nos-valeurs-sont-le-professionnalisme-la-satisfaction-des-clients-employes-ainsi-que-le-plaisir\">Effisca est un cabinet offrant des services sp\u00e9cialis\u00e9s en fiscalit\u00e9 canadienne, am\u00e9ricaine et internationale pour les particuliers et les entreprises. L\u2019entreprise offre un fort potentiel de croissance. Possibilit\u00e9 de participer \u00e0 l\u2019actionnariat \u00e0 moyen terme. Nos valeurs sont le professionnalisme, la satisfaction des clients\/employ\u00e9s, ainsi que le plaisir.<\/p>\n\n<h2 class=\"wp-block-heading\" id=\"description-de-l-emploi\">Job description<\/h2>\n\n<p>Reporting to the manager, Director of US taxation will have the following main responsibilities:<\/p>\n\n<ul class=\"wp-block-list\"><li>Supporting our clients in the efficient application of the complex tax rules of US taxation;<\/li><li>Suggesting relevant tax planning during specific business buy\/sell, financing, succession or other transactions;<\/li><li>Support the team in the compliance of individual and corporate returns prepared by tax technicians (1040, 1120, 1120F, 5471, 5472, 1065, 8938, streamlined, etc.);<\/li><li>Guiding clients through objections and voluntary disclosures, streamlined filing procedures, etc.;<\/li><li>Advising international and non-resident clients and taking care of their specific needs (1040NR, 8288, W8, 8833, 8840, etc.);<\/li><li>Coordinating of tax technicians for the work to be done;<\/li><li>Presenting and explaining completed tax returns to clients;<\/li><li>Advising clients on tax matters;<\/li><li>Collaborating on all other files according to the needs of the Cabinet.<\/li><\/ul>\n\n<h2 class=\"wp-block-heading\" id=\"profil-recherche\">Required profile<\/h2>\n\n<ul class=\"wp-block-list\"><li>D.E.S.S. or Master in Taxation or successful In-depth Tax Course from CPA Canada<\/li><li>Between 3 and 5 years of experience in US taxation<\/li><li>Enrolled agent accreditation will be considered an important asset<\/li><li>Bilingualism (oral and written)<\/li><li>Autonomy, resourcefulness and learning ability<\/li><li>Attention to detail and good management of priorities<\/li><\/ul>\n\n<h2 class=\"wp-block-heading\" id=\"ce-que-nous-offrons\">What we offer<\/h2>\n\n<ul class=\"wp-block-list\"><li>Better overall compensation than large offices<\/li><li>100% teleworking position (except for corporate social activities)<\/li><li>Flexible hours and possibility of working 4 or 5 days\/week<\/li><li>All hours paid<\/li><li>Group RRSP, comprehensive group insurance and unlimited telemedicine<\/li><li>Professional contributions paid<\/li><li>Annual continuing training budget<\/li><\/ul>\n\n<div class=\"wp-block-buttons is-content-justification-center is-layout-flex wp-container-core-buttons-is-layout-16018d1d wp-block-buttons-is-layout-flex\">\n<div class=\"wp-block-button\"><a class=\"wp-block-button__link\" href=\"https:\/\/www.effisca.com\/en\/tax-jobs\/#candidature\">Submit your application<\/a><\/div>\n<\/div>\n","protected":false},"excerpt":{"rendered":"<p>The Director of US taxation supports clients; suggests relevant tax planning during specific transactions; supports the team in the compliance of individual and corporate declarations; guides clients through objection and voluntary disclosure; and advises international and non-resident clients.<\/p>\n","protected":false},"author":8,"featured_media":0,"parent":2876,"menu_order":27,"comment_status":"closed","ping_status":"closed","template":"","meta":{"_acf_changed":false,"inline_featured_image":false,"footnotes":""},"class_list":["post-2894","page","type-page","status-publish","hentry"],"acf":[],"yoast_head":"<!-- This site is optimized with the Yoast SEO plugin v27.5 - https:\/\/yoast.com\/product\/yoast-seo-wordpress\/ -->\n<title>Director of US Tax - Effisca<\/title>\n<meta name=\"description\" content=\"The Director of US tax supports clients in the efficient application of the complex tax rules of US tax. Join the Effisca team today!\" \/>\n<meta name=\"robots\" content=\"index, follow, max-snippet:-1, max-image-preview:large, max-video-preview:-1\" \/>\n<link rel=\"canonical\" href=\"https:\/\/www.effisca.com\/en\/tax-jobs\/job-director-of-us-tax\/\" \/>\n<meta property=\"og:locale\" content=\"en_US\" \/>\n<meta property=\"og:type\" content=\"article\" \/>\n<meta property=\"og:title\" content=\"Director of US Tax - Effisca\" \/>\n<meta property=\"og:description\" content=\"The Director of US tax supports clients in the efficient application of the complex tax rules of US tax. Join the Effisca team today!\" \/>\n<meta property=\"og:url\" content=\"https:\/\/www.effisca.com\/en\/tax-jobs\/job-director-of-us-tax\/\" \/>\n<meta property=\"og:site_name\" content=\"Effisca\" \/>\n<meta property=\"article:publisher\" content=\"https:\/\/www.facebook.com\/effisca\" \/>\n<meta property=\"article:modified_time\" content=\"2022-06-22T17:19:19+00:00\" \/>\n<meta name=\"twitter:card\" content=\"summary_large_image\" \/>\n<meta name=\"twitter:label1\" content=\"Est. reading time\" \/>\n\t<meta name=\"twitter:data1\" content=\"2 minutes\" \/>\n<script type=\"application\/ld+json\" class=\"yoast-schema-graph\">{\"@context\":\"https:\\\/\\\/schema.org\",\"@graph\":[{\"@type\":\"WebPage\",\"@id\":\"https:\\\/\\\/www.effisca.com\\\/en\\\/tax-jobs\\\/job-director-of-us-tax\\\/\",\"url\":\"https:\\\/\\\/www.effisca.com\\\/en\\\/tax-jobs\\\/job-director-of-us-tax\\\/\",\"name\":\"Director of US Tax - Effisca\",\"isPartOf\":{\"@id\":\"https:\\\/\\\/www.effisca.com\\\/en\\\/#website\"},\"datePublished\":\"2021-03-03T03:03:46+00:00\",\"dateModified\":\"2022-06-22T17:19:19+00:00\",\"description\":\"The Director of US tax supports clients in the efficient application of the complex tax rules of US tax. Join the Effisca team today!\",\"breadcrumb\":{\"@id\":\"https:\\\/\\\/www.effisca.com\\\/en\\\/tax-jobs\\\/job-director-of-us-tax\\\/#breadcrumb\"},\"inLanguage\":\"en-US\",\"potentialAction\":[{\"@type\":\"ReadAction\",\"target\":[\"https:\\\/\\\/www.effisca.com\\\/en\\\/tax-jobs\\\/job-director-of-us-tax\\\/\"]}]},{\"@type\":\"BreadcrumbList\",\"@id\":\"https:\\\/\\\/www.effisca.com\\\/en\\\/tax-jobs\\\/job-director-of-us-tax\\\/#breadcrumb\",\"itemListElement\":[{\"@type\":\"ListItem\",\"position\":1,\"name\":\"Accueil\",\"item\":\"https:\\\/\\\/www.effisca.com\\\/en\\\/\"},{\"@type\":\"ListItem\",\"position\":2,\"name\":\"Careers\",\"item\":\"https:\\\/\\\/www.effisca.com\\\/en\\\/tax-jobs\\\/\"},{\"@type\":\"ListItem\",\"position\":3,\"name\":\"Director of US Tax\"}]},{\"@type\":\"WebSite\",\"@id\":\"https:\\\/\\\/www.effisca.com\\\/en\\\/#website\",\"url\":\"https:\\\/\\\/www.effisca.com\\\/en\\\/\",\"name\":\"Effisca\",\"description\":\"Tax firm specializing in Canadian, US and international tax\",\"publisher\":{\"@id\":\"https:\\\/\\\/www.effisca.com\\\/en\\\/#organization\"},\"potentialAction\":[{\"@type\":\"SearchAction\",\"target\":{\"@type\":\"EntryPoint\",\"urlTemplate\":\"https:\\\/\\\/www.effisca.com\\\/en\\\/?s={search_term_string}\"},\"query-input\":{\"@type\":\"PropertyValueSpecification\",\"valueRequired\":true,\"valueName\":\"search_term_string\"}}],\"inLanguage\":\"en-US\"},{\"@type\":\"Organization\",\"@id\":\"https:\\\/\\\/www.effisca.com\\\/en\\\/#organization\",\"name\":\"Effisca\",\"url\":\"https:\\\/\\\/www.effisca.com\\\/en\\\/\",\"logo\":{\"@type\":\"ImageObject\",\"inLanguage\":\"en-US\",\"@id\":\"https:\\\/\\\/www.effisca.com\\\/en\\\/#\\\/schema\\\/logo\\\/image\\\/\",\"url\":\"https:\\\/\\\/www.effisca.com\\\/wp-content\\\/uploads\\\/2021\\\/01\\\/effisca-logo-1.png\",\"contentUrl\":\"https:\\\/\\\/www.effisca.com\\\/wp-content\\\/uploads\\\/2021\\\/01\\\/effisca-logo-1.png\",\"width\":1200,\"height\":355,\"caption\":\"Effisca\"},\"image\":{\"@id\":\"https:\\\/\\\/www.effisca.com\\\/en\\\/#\\\/schema\\\/logo\\\/image\\\/\"},\"sameAs\":[\"https:\\\/\\\/www.facebook.com\\\/effisca\",\"https:\\\/\\\/www.linkedin.com\\\/company\\\/effisca\\\/\"]}]}<\/script>\n<!-- \/ Yoast SEO plugin. -->","yoast_head_json":{"title":"Director of US Tax - Effisca","description":"The Director of US tax supports clients in the efficient application of the complex tax rules of US tax. Join the Effisca team today!","robots":{"index":"index","follow":"follow","max-snippet":"max-snippet:-1","max-image-preview":"max-image-preview:large","max-video-preview":"max-video-preview:-1"},"canonical":"https:\/\/www.effisca.com\/en\/tax-jobs\/job-director-of-us-tax\/","og_locale":"en_US","og_type":"article","og_title":"Director of US Tax - Effisca","og_description":"The Director of US tax supports clients in the efficient application of the complex tax rules of US tax. Join the Effisca team today!","og_url":"https:\/\/www.effisca.com\/en\/tax-jobs\/job-director-of-us-tax\/","og_site_name":"Effisca","article_publisher":"https:\/\/www.facebook.com\/effisca","article_modified_time":"2022-06-22T17:19:19+00:00","twitter_card":"summary_large_image","twitter_misc":{"Est. reading time":"2 minutes"},"schema":{"@context":"https:\/\/schema.org","@graph":[{"@type":"WebPage","@id":"https:\/\/www.effisca.com\/en\/tax-jobs\/job-director-of-us-tax\/","url":"https:\/\/www.effisca.com\/en\/tax-jobs\/job-director-of-us-tax\/","name":"Director of US Tax - Effisca","isPartOf":{"@id":"https:\/\/www.effisca.com\/en\/#website"},"datePublished":"2021-03-03T03:03:46+00:00","dateModified":"2022-06-22T17:19:19+00:00","description":"The Director of US tax supports clients in the efficient application of the complex tax rules of US tax. Join the Effisca team today!","breadcrumb":{"@id":"https:\/\/www.effisca.com\/en\/tax-jobs\/job-director-of-us-tax\/#breadcrumb"},"inLanguage":"en-US","potentialAction":[{"@type":"ReadAction","target":["https:\/\/www.effisca.com\/en\/tax-jobs\/job-director-of-us-tax\/"]}]},{"@type":"BreadcrumbList","@id":"https:\/\/www.effisca.com\/en\/tax-jobs\/job-director-of-us-tax\/#breadcrumb","itemListElement":[{"@type":"ListItem","position":1,"name":"Accueil","item":"https:\/\/www.effisca.com\/en\/"},{"@type":"ListItem","position":2,"name":"Careers","item":"https:\/\/www.effisca.com\/en\/tax-jobs\/"},{"@type":"ListItem","position":3,"name":"Director of US Tax"}]},{"@type":"WebSite","@id":"https:\/\/www.effisca.com\/en\/#website","url":"https:\/\/www.effisca.com\/en\/","name":"Effisca","description":"Tax firm specializing in Canadian, US and international tax","publisher":{"@id":"https:\/\/www.effisca.com\/en\/#organization"},"potentialAction":[{"@type":"SearchAction","target":{"@type":"EntryPoint","urlTemplate":"https:\/\/www.effisca.com\/en\/?s={search_term_string}"},"query-input":{"@type":"PropertyValueSpecification","valueRequired":true,"valueName":"search_term_string"}}],"inLanguage":"en-US"},{"@type":"Organization","@id":"https:\/\/www.effisca.com\/en\/#organization","name":"Effisca","url":"https:\/\/www.effisca.com\/en\/","logo":{"@type":"ImageObject","inLanguage":"en-US","@id":"https:\/\/www.effisca.com\/en\/#\/schema\/logo\/image\/","url":"https:\/\/www.effisca.com\/wp-content\/uploads\/2021\/01\/effisca-logo-1.png","contentUrl":"https:\/\/www.effisca.com\/wp-content\/uploads\/2021\/01\/effisca-logo-1.png","width":1200,"height":355,"caption":"Effisca"},"image":{"@id":"https:\/\/www.effisca.com\/en\/#\/schema\/logo\/image\/"},"sameAs":["https:\/\/www.facebook.com\/effisca","https:\/\/www.linkedin.com\/company\/effisca\/"]}]}},"_links":{"self":[{"href":"https:\/\/www.effisca.com\/en\/wp-json\/wp\/v2\/pages\/2894","targetHints":{"allow":["GET"]}}],"collection":[{"href":"https:\/\/www.effisca.com\/en\/wp-json\/wp\/v2\/pages"}],"about":[{"href":"https:\/\/www.effisca.com\/en\/wp-json\/wp\/v2\/types\/page"}],"author":[{"embeddable":true,"href":"https:\/\/www.effisca.com\/en\/wp-json\/wp\/v2\/users\/8"}],"replies":[{"embeddable":true,"href":"https:\/\/www.effisca.com\/en\/wp-json\/wp\/v2\/comments?post=2894"}],"version-history":[{"count":31,"href":"https:\/\/www.effisca.com\/en\/wp-json\/wp\/v2\/pages\/2894\/revisions"}],"predecessor-version":[{"id":9076,"href":"https:\/\/www.effisca.com\/en\/wp-json\/wp\/v2\/pages\/2894\/revisions\/9076"}],"up":[{"embeddable":true,"href":"https:\/\/www.effisca.com\/en\/wp-json\/wp\/v2\/pages\/2876"}],"wp:attachment":[{"href":"https:\/\/www.effisca.com\/en\/wp-json\/wp\/v2\/media?parent=2894"}],"curies":[{"name":"wp","href":"https:\/\/api.w.org\/{rel}","templated":true}]}}